{"id":410,"date":"2025-12-08T12:44:19","date_gmt":"2025-12-08T10:44:19","guid":{"rendered":"https:\/\/konasshop.com\/?post_type=product&#038;p=410"},"modified":"2026-04-14T02:55:34","modified_gmt":"2026-04-13T23:55:34","slug":"esimerkkituote","status":"publish","type":"product","link":"https:\/\/konasshop.com\/index.php\/product\/esimerkkituote\/","title":{"rendered":"Kehitysalusta \u2013 avaus + 1 viikko"},"content":{"rendered":"<p data-start=\"1269\" data-end=\"1374\">T\u00e4m\u00e4 tuote sis\u00e4lt\u00e4\u00e4 Konatech Oy:n kehitysalustan k\u00e4ytt\u00f6\u00f6noton sek\u00e4 1 viikon k\u00e4ytt\u00f6ajan.<\/p>\n<p data-start=\"1519\" data-end=\"1664\">Tilausta vastaan saat ohjeet ja yhteystiedot kehitysymp\u00e4rist\u00f6\u00f6n p\u00e4\u00e4semiseksi.<br data-start=\"1596\" data-end=\"1599\" \/>Lis\u00e4viikkoja voi ostaa erillisest\u00e4 \u201cLis\u00e4viikko\u201d -tuotteesta.<\/p>\n<h2 data-start=\"941\" data-end=\"972\"><strong data-start=\"947\" data-end=\"972\">Tekniset ominaisuudet<\/strong><\/h2>\n<ul data-start=\"973\" data-end=\"1207\">\n<li data-start=\"973\" data-end=\"1021\">\n<p data-start=\"975\" data-end=\"1021\"><strong data-start=\"975\" data-end=\"987\">1 Gt RAM<\/strong> (laajennettavissa tarvittaessa)<\/p>\n<\/li>\n<li data-start=\"1022\" data-end=\"1083\">\n<p data-start=\"1024\" data-end=\"1083\"><strong data-start=\"1024\" data-end=\"1046\">10 Gt SSD-levytilaa<\/strong> (laajennettavissa lis\u00e4tilauksella)<\/p>\n<\/li>\n<li data-start=\"1084\" data-end=\"1108\">\n<p data-start=\"1086\" data-end=\"1108\">Nopea NVMe-tallennus<\/p>\n<\/li>\n<li data-start=\"1109\" data-end=\"1170\">\n<p data-start=\"1111\" data-end=\"1170\">Optimoitu PHP-, Node-, Python- ja JavaScript-projekteille<\/p>\n<\/li>\n<li data-start=\"1171\" data-end=\"1207\">\n<p data-start=\"1173\" data-end=\"1207\">Sujuva Git-versionhallinnan k\u00e4ytt\u00f6<\/p>\n<\/li>\n<\/ul>\n<p data-start=\"1209\" data-end=\"1295\">Ymp\u00e4rist\u00f6 on suunniteltu nimenomaan kehityst\u00e4 varten, eik\u00e4 raskaaseen tuotantok\u00e4ytt\u00f6\u00f6n.<\/p>\n<h2 data-start=\"1302\" data-end=\"1336\"><strong data-start=\"1308\" data-end=\"1336\">Turvallinen ja eristetty<\/strong><\/h2>\n<ul data-start=\"1337\" data-end=\"1617\">\n<li data-start=\"1337\" data-end=\"1393\">\n<p data-start=\"1339\" data-end=\"1393\">Jokaiselle asiakkaalle luodaan oma, eristetty kontti<\/p>\n<\/li>\n<li data-start=\"1394\" data-end=\"1443\">\n<p data-start=\"1396\" data-end=\"1443\">Ei p\u00e4\u00e4sy\u00e4 muiden k\u00e4ytt\u00e4jien projektitietoihin<\/p>\n<\/li>\n<li data-start=\"1444\" data-end=\"1474\">\n<p data-start=\"1446\" data-end=\"1474\">Suojattu yhteys (SFTP\/SSH)<\/p>\n<\/li>\n<li data-start=\"1475\" data-end=\"1548\">\n<p data-start=\"1477\" data-end=\"1548\">Tiedot tallennetaan Suomessa Konatech Oy:n yll\u00e4pit\u00e4m\u00e4lle palvelimelle<\/p>\n<\/li>\n<li data-start=\"1549\" data-end=\"1617\">\n<p data-start=\"1551\" data-end=\"1617\">Kehitysymp\u00e4rist\u00f6 suljetaan automaattisesti, kun k\u00e4ytt\u00f6aika p\u00e4\u00e4ttyy<\/p>\n<\/li>\n<\/ul>\n<h2 data-start=\"1624\" data-end=\"1652\"><strong data-start=\"1630\" data-end=\"1652\">K\u00e4ytt\u00f6tarkoitukset<\/strong><\/h2>\n<ul data-start=\"1653\" data-end=\"1826\">\n<li data-start=\"1653\" data-end=\"1696\">\n<p data-start=\"1655\" data-end=\"1696\">WordPress-teemojen ja lis\u00e4osien kehitys<\/p>\n<\/li>\n<li data-start=\"1697\" data-end=\"1733\">\n<p data-start=\"1699\" data-end=\"1733\">Frontend- ja backend-ohjelmointi<\/p>\n<\/li>\n<li data-start=\"1734\" data-end=\"1760\">\n<p data-start=\"1736\" data-end=\"1760\">API-kehitys ja testaus<\/p>\n<\/li>\n<li data-start=\"1761\" data-end=\"1790\">\n<p data-start=\"1763\" data-end=\"1790\">Testipalvelut asiakkaille<\/p>\n<\/li>\n<li data-start=\"1791\" data-end=\"1826\">\n<p data-start=\"1793\" data-end=\"1826\">Pienet ja keskikokoiset projektit<\/p>\n<\/li>\n<\/ul>\n<p data-start=\"1828\" data-end=\"1905\">Ei sovellu raskaaseen data-analytiikkaan, peliservereihin tai GPU-laskentaan.<\/p>\n<h2 data-start=\"1912\" data-end=\"1945\"><strong data-start=\"1918\" data-end=\"1945\">K\u00e4ytt\u00f6liittym\u00e4 ja p\u00e4\u00e4sy<\/strong><\/h2>\n<ul data-start=\"1946\" data-end=\"2137\">\n<li data-start=\"1946\" data-end=\"1989\">\n<p data-start=\"1948\" data-end=\"1989\">Henkil\u00f6kohtaiset <strong data-start=\"1965\" data-end=\"1987\">SFTP\/SSH-tunnukset<\/strong><\/p>\n<\/li>\n<li data-start=\"1990\" data-end=\"2051\">\n<p data-start=\"1992\" data-end=\"2051\">Oma alidomain esimerkiksi: <em data-start=\"2019\" data-end=\"2049\">projektinimi.dev.konatech.fi<\/em><\/p>\n<\/li>\n<\/ul>\n<h2 data-start=\"2144\" data-end=\"2179\"><strong data-start=\"2150\" data-end=\"2179\">Hinnoittelu ja k\u00e4ytt\u00f6aika<\/strong><\/h2>\n<ul data-start=\"2180\" data-end=\"2459\">\n<li data-start=\"2180\" data-end=\"2204\">\n<p data-start=\"2182\" data-end=\"2204\"><strong data-start=\"2182\" data-end=\"2202\">Avausmaksu: 20 \u20ac sis\u00e4lt\u00e4\u00e4 1 viikon k\u00e4ytt\u00f6ajan\u00a0<\/strong><\/p>\n<\/li>\n<li data-start=\"2205\" data-end=\"2239\">\n<p data-start=\"2207\" data-end=\"2239\"><strong data-start=\"2207\" data-end=\"2237\">Viikkohinta t\u00e4m\u00e4n j\u00e4lkeen: 10 \u20ac \/ viikko<\/strong><\/p>\n<\/li>\n<li data-start=\"2240\" data-end=\"2285\">\n<p data-start=\"2242\" data-end=\"2285\">Voit ostaa lis\u00e4viikkoja Oma tili -sivulta<\/p>\n<\/li>\n<li data-start=\"2286\" data-end=\"2332\">\n<p data-start=\"2288\" data-end=\"2332\">Koko k\u00e4ytt\u00f6aika n\u00e4kyy omalla tilisivullasi<\/p>\n<\/li>\n<li data-start=\"2333\" data-end=\"2394\">\n<p data-start=\"2335\" data-end=\"2394\">Palvelu sulkeutuu, jos k\u00e4ytt\u00f6aika p\u00e4\u00e4ttyy<\/p>\n<\/li>\n<li data-start=\"2395\" data-end=\"2459\">\n<p data-start=\"2397\" data-end=\"2459\">Kehitysymp\u00e4rist\u00f6 voidaan avata uudelleen lis\u00e4viikkojen ostolla<\/p>\n<\/li>\n<\/ul>\n<h2 data-start=\"2466\" data-end=\"2503\"><strong data-start=\"2472\" data-end=\"2503\">Mit\u00e4 saat oston yhteydess\u00e4?<\/strong><\/h2>\n<ul data-start=\"2504\" data-end=\"2704\">\n<li data-start=\"2504\" data-end=\"2535\">\n<p data-start=\"2506\" data-end=\"2535\">Yksityinen kehitysymp\u00e4rist\u00f6<\/p>\n<\/li>\n<li data-start=\"2536\" data-end=\"2577\">\n<p data-start=\"2538\" data-end=\"2577\">Henkil\u00f6kohtaiset kirjautumistunnukset<\/p>\n<\/li>\n<li data-start=\"2578\" data-end=\"2615\">\n<p data-start=\"2580\" data-end=\"2615\">Alidomain kehitysprojektia varten<\/p>\n<\/li>\n<li data-start=\"2616\" data-end=\"2664\">\n<p data-start=\"2618\" data-end=\"2664\">Ymp\u00e4rist\u00f6n yll\u00e4pito, p\u00e4ivitykset ja valvonta<\/p>\n<\/li>\n<li data-start=\"2665\" data-end=\"2704\">\n<p data-start=\"2667\" data-end=\"2704\">Tekninen tuki<\/p>\n<\/li>\n<\/ul>\n<h2 data-start=\"2711\" data-end=\"2733\"><strong data-start=\"2717\" data-end=\"2733\">Huomioitavaa<\/strong><\/h2>\n<ul data-start=\"2734\" data-end=\"2936\">\n<li data-start=\"2734\" data-end=\"2809\">\n<p data-start=\"2736\" data-end=\"2809\">Ymp\u00e4rist\u00f6 on tarkoitettu kehitykselle, ei julkiseksi tuotantopalveluksi<\/p>\n<\/li>\n<li data-start=\"2810\" data-end=\"2869\">\n<p data-start=\"2812\" data-end=\"2869\">Serverin raskaiden resurssien v\u00e4\u00e4rink\u00e4ytt\u00f6 on kielletty<\/p>\n<\/li>\n<li data-start=\"2870\" data-end=\"2936\">\n<p data-start=\"2872\" data-end=\"2936\">Asiakas vastaa omista projektitiedostoistaan ja varmuuskopioista<\/p>\n<\/li>\n<\/ul>\n","protected":false},"excerpt":{"rendered":"<p>Henkil\u00f6kohtainen ja eristetty kehitysymp\u00e4rist\u00f6 web-kehitykseen, ohjelmointiin ja testaamiseen. Saat k\u00e4ytt\u00f6\u00f6si 1 Gt RAM -tehoa, 10 Gt nopeaa SSD-tilaa, oman alidomainin sek\u00e4 SFTP\/SSH-p\u00e4\u00e4syn. Palvelu on turvallinen, nopea ja suunniteltu erityisesti WordPress- ja web-projekteihin. Avausmaksu + 1 viikko 20 \u20ac ja sen j\u00e4lkeen aina 10 \u20ac \/ viikko. Lis\u00e4viikot ostettavissa helposti Oma tili -sivulta.<\/p>\n","protected":false},"featured_media":439,"comment_status":"open","ping_status":"closed","template":"","meta":[],"product_brand":[],"product_cat":[18],"product_tag":[],"class_list":{"0":"post-410","1":"product","2":"type-product","3":"status-publish","4":"has-post-thumbnail","6":"product_cat-uncategorized","8":"first","9":"instock","10":"virtual","11":"taxable","12":"purchasable","13":"product-type-simple"},"_links":{"self":[{"href":"https:\/\/konasshop.com\/index.php\/wp-json\/wp\/v2\/product\/410","targetHints":{"allow":["GET"]}}],"collection":[{"href":"https:\/\/konasshop.com\/index.php\/wp-json\/wp\/v2\/product"}],"about":[{"href":"https:\/\/konasshop.com\/index.php\/wp-json\/wp\/v2\/types\/product"}],"replies":[{"embeddable":true,"href":"https:\/\/konasshop.com\/index.php\/wp-json\/wp\/v2\/comments?post=410"}],"wp:featuredmedia":[{"embeddable":true,"href":"https:\/\/konasshop.com\/index.php\/wp-json\/wp\/v2\/media\/439"}],"wp:attachment":[{"href":"https:\/\/konasshop.com\/index.php\/wp-json\/wp\/v2\/media?parent=410"}],"wp:term":[{"taxonomy":"product_brand","embeddable":true,"href":"https:\/\/konasshop.com\/index.php\/wp-json\/wp\/v2\/product_brand?post=410"},{"taxonomy":"product_cat","embeddable":true,"href":"https:\/\/konasshop.com\/index.php\/wp-json\/wp\/v2\/product_cat?post=410"},{"taxonomy":"product_tag","embeddable":true,"href":"https:\/\/konasshop.com\/index.php\/wp-json\/wp\/v2\/product_tag?post=410"}],"curies":[{"name":"wp","href":"https:\/\/api.w.org\/{rel}","templated":true}]}}